{"id":4651,"date":"2022-11-30T18:09:16","date_gmt":"2022-11-30T18:09:16","guid":{"rendered":"http:\/\/cookiephoto.ca\/?page_id=4651"},"modified":"2022-11-30T18:14:08","modified_gmt":"2022-11-30T18:14:08","slug":"francais","status":"publish","type":"page","link":"https:\/\/cookiephoto.ca\/en\/francais\/","title":{"rendered":"Merci de votre visite"},"content":{"rendered":"<h3 style=\"text-align: center;\">Le site fran\u00e7ais est actuellement en cours de d\u00e9veloppement.<\/h3>\n<p style=\"text-align: center;\"><strong><em>Merci de votre patience et de votre compr\u00e9hension<\/em><\/strong><\/p>\n<p style=\"text-align: center;\">Pour une assistance imm\u00e9diate, veuillez nous contacter 514.783.1370 \/ info@cookiephoto.ca<\/p>\n","protected":false},"excerpt":{"rendered":"<p>Le site fran\u00e7ais est actuellement en cours de d\u00e9veloppement. Merci de votre patience et de votre compr\u00e9hension Pour une assistance imm\u00e9diate, veuillez nous contacter 514.783.1370 \/ info@cookiephoto.ca<\/p>\n","protected":false},"author":1,"featured_media":0,"parent":0,"menu_order":0,"comment_status":"closed","ping_status":"closed","template":"","meta":{"footnotes":""},"_links":{"self":[{"href":"https:\/\/cookiephoto.ca\/en\/wp-json\/wp\/v2\/pages\/4651"}],"collection":[{"href":"https:\/\/cookiephoto.ca\/en\/wp-json\/wp\/v2\/pages"}],"about":[{"href":"https:\/\/cookiephoto.ca\/en\/wp-json\/wp\/v2\/types\/page"}],"author":[{"embeddable":true,"href":"https:\/\/cookiephoto.ca\/en\/wp-json\/wp\/v2\/users\/1"}],"replies":[{"embeddable":true,"href":"https:\/\/cookiephoto.ca\/en\/wp-json\/wp\/v2\/comments?post=4651"}],"version-history":[{"count":4,"href":"https:\/\/cookiephoto.ca\/en\/wp-json\/wp\/v2\/pages\/4651\/revisions"}],"predecessor-version":[{"id":4658,"href":"https:\/\/cookiephoto.ca\/en\/wp-json\/wp\/v2\/pages\/4651\/revisions\/4658"}],"wp:attachment":[{"href":"https:\/\/cookiephoto.ca\/en\/wp-json\/wp\/v2\/media?parent=4651"}],"curies":[{"name":"wp","href":"https:\/\/api.w.org\/{rel}","templated":true}]}}